{"id":21,"date":"2016-11-03T15:19:27","date_gmt":"2016-11-03T15:19:27","guid":{"rendered":"http:\/\/firatlogistics.de\/?page_id=21"},"modified":"2023-11-12T14:47:25","modified_gmt":"2023-11-12T14:47:25","slug":"our-services","status":"publish","type":"page","link":"https:\/\/firatlogistics.de\/de\/our-services\/","title":{"rendered":"Unsere Dienstleistungen"},"content":{"rendered":"<div class=\"vc_row wpb_row vc_row-fluid serve\"><div class=\"wpb_column vc_column_container vc_col-sm-12 sc_layouts_column_icons_position_left\"><div class=\"vc_column-inner\"><div class=\"wpb_wrapper\"><div class=\"vc_row wpb_row vc_inner vc_row-fluid vc_custom_1689327129281\"><div class=\"wpb_column vc_column_container vc_col-sm-12 sc_layouts_column_icons_position_left\"><div class=\"vc_column-inner\"><div class=\"wpb_wrapper\">\n\t<div class=\"wpb_text_column wpb_content_element  vc_custom_1689327069744\" >\n\t\t<div class=\"wpb_wrapper\">\n\t\t\t<p style=\"text-align: center;\">In einer Welt, in der Entfernungen schrumpfen und Grenzen verschwinden, sind wir Ihr verl\u00e4sslicher\nPartner f\u00fcr europaweite Transportl\u00f6sungen. Innovation, Pr\u00e4zision, Verl\u00e4sslichkeit \u2013 erleben Sie die Zukunft des\nTransports. Kontaktieren Sie uns jetzt<\/p>\n\n\t\t<\/div>\n\t<\/div>\n<\/div><\/div><\/div><\/div><\/div><\/div><\/div><\/div><div data-vc-full-width=\"true\" data-vc-full-width-init=\"false\" class=\"vc_row wpb_row vc_row-fluid vc_custom_1689680340953 vc_row-has-fill\"><div class=\"wpb_column vc_column_container vc_col-sm-3 sc_layouts_column_icons_position_left\"><div class=\"vc_column-inner\"><div class=\"wpb_wrapper\">\n\t<div  class=\"wpb_single_image wpb_content_element vc_align_left\">\n\t\t\n\t\t<figure class=\"wpb_wrapper vc_figure\">\n\t\t\t<div class=\"vc_single_image-wrapper vc_box_outline_circle  vc_box_border_grey\"><img class=\"vc_single_image-img\" src=\"https:\/\/firatlogistics.de\/wp-content\/uploads\/2023\/06\/06b-scaled-683x683.jpg\" width=\"683\" height=\"683\" alt=\"06b\" title=\"06b\" \/><\/div>\n\t\t<\/figure>\n\t<\/div>\n<div class=\"vc_empty_space  height_tiny\"   style=\"height: 32px\"><span class=\"vc_empty_space_inner\"><\/span><\/div>\n\t<div class=\"wpb_text_column wpb_content_element\" >\n\t\t<div class=\"wpb_wrapper\">\n\t\t\t<h4 style=\"text-align: center; color: #fff;\">Volumentransport<\/h4>\n\n\t\t<\/div>\n\t<\/div>\n<div class=\"vc_empty_space  height_tiny\"   style=\"height: 32px\"><span class=\"vc_empty_space_inner\"><\/span><\/div>\n\t<div class=\"wpb_text_column wpb_content_element\" >\n\t\t<div class=\"wpb_wrapper\">\n\t\t\t<p style=\"text-align: center;\"><span style=\"vertical-align: inherit;\"><span style=\"vertical-align: inherit;\"><span style=\"vertical-align: inherit;\"><span style=\"vertical-align: inherit; color: #fff;\">Gro\u00dfe Sendungen, kurze Zeit. Wir k\u00f6nnen Ihnen beim Transport gro\u00dfer Warenmengen helfen und durch den gleichzeitigen Versand gro\u00dfer Warenmengen Zeit und Geld sparen<\/span><\/span><\/span><\/span><\/p>\n\n\t\t<\/div>\n\t<\/div>\n<\/div><\/div><\/div><div class=\"wpb_column vc_column_container vc_col-sm-3 sc_layouts_column_icons_position_left\"><div class=\"vc_column-inner\"><div class=\"wpb_wrapper\">\n\t<div  class=\"wpb_single_image wpb_content_element vc_align_center\">\n\t\t\n\t\t<figure class=\"wpb_wrapper vc_figure\">\n\t\t\t<div class=\"vc_single_image-wrapper vc_box_outline_circle  vc_box_border_grey\"><img class=\"vc_single_image-img\" src=\"https:\/\/firatlogistics.de\/wp-content\/uploads\/2023\/06\/02b-scaled-683x683.jpg\" width=\"683\" height=\"683\" alt=\"02b\" title=\"02b\" \/><\/div>\n\t\t<\/figure>\n\t<\/div>\n<div class=\"vc_empty_space  height_tiny\"   style=\"height: 32px\"><span class=\"vc_empty_space_inner\"><\/span><\/div>\n\t<div class=\"wpb_text_column wpb_content_element\" >\n\t\t<div class=\"wpb_wrapper\">\n\t\t\t<h4 style=\"text-align: center;\"><span style=\"vertical-align: inherit;\"><span style=\"vertical-align: inherit;\"><span style=\"vertical-align: inherit;\"><span style=\"vertical-align: inherit; color: #fff;\">Teil- und Komplettladungen<\/span><\/span><\/span><\/span><\/h4>\n\n\t\t<\/div>\n\t<\/div>\n<div class=\"vc_empty_space  height_tiny\"   style=\"height: 32px\"><span class=\"vc_empty_space_inner\"><\/span><\/div>\n\t<div class=\"wpb_text_column wpb_content_element\" >\n\t\t<div class=\"wpb_wrapper\">\n\t\t\t<p style=\"text-align: center;\"><span style=\"vertical-align: inherit;\"><span style=\"vertical-align: inherit; color: #fff;\">Sie k\u00f6nnen unsere Dienste nach Belieben nutzen. Vom Paket bis zum Komplettladungs-LKW bekommen Sie es bei uns zu g\u00fcnstigen Preisen.<\/span><\/span><\/p>\n\n\t\t<\/div>\n\t<\/div>\n<\/div><\/div><\/div><div class=\"wpb_column vc_column_container vc_col-sm-3 sc_layouts_column_icons_position_left\"><div class=\"vc_column-inner\"><div class=\"wpb_wrapper\">\n\t<div  class=\"wpb_single_image wpb_content_element vc_align_center\">\n\t\t\n\t\t<figure class=\"wpb_wrapper vc_figure\">\n\t\t\t<div class=\"vc_single_image-wrapper vc_box_outline_circle  vc_box_border_grey\"><img class=\"vc_single_image-img\" src=\"https:\/\/firatlogistics.de\/wp-content\/uploads\/2023\/06\/07b-scaled-683x683.jpg\" width=\"683\" height=\"683\" alt=\"07b\" title=\"07b\" \/><\/div>\n\t\t<\/figure>\n\t<\/div>\n<div class=\"vc_empty_space  height_tiny\"   style=\"height: 32px\"><span class=\"vc_empty_space_inner\"><\/span><\/div>\n\t<div class=\"wpb_text_column wpb_content_element\" >\n\t\t<div class=\"wpb_wrapper\">\n\t\t\t<h4 style=\"text-align: center;\"><span style=\"vertical-align: inherit;\"><span style=\"vertical-align: inherit;\"><span style=\"vertical-align: inherit;\"><span style=\"vertical-align: inherit; color: #ffff;\"><span style=\"vertical-align: inherit;\"><span style=\"vertical-align: inherit;\">St\u00fcckgut<\/span><\/span><\/span><\/span><\/span><\/span><\/h4>\n\n\t\t<\/div>\n\t<\/div>\n<div class=\"vc_empty_space  height_tiny\"   style=\"height: 32px\"><span class=\"vc_empty_space_inner\"><\/span><\/div>\n\t<div class=\"wpb_text_column wpb_content_element\" >\n\t\t<div class=\"wpb_wrapper\">\n\t\t\t<p style=\"text-align: center;\"><span style=\"vertical-align: inherit;\"><span style=\"vertical-align: inherit; color: #fff;\">Das St\u00fcckgutsystem von Firat Logistics zeichnet sich durch hohe Zuverl\u00e4ssigkeit, effiziente Verkehrssteuerung und Frachtumschlag aus.<\/span><\/span><\/p>\n\n\t\t<\/div>\n\t<\/div>\n<\/div><\/div><\/div><div class=\"wpb_column vc_column_container vc_col-sm-3 sc_layouts_column_icons_position_left\"><div class=\"vc_column-inner\"><div class=\"wpb_wrapper\">\n\t<div  class=\"wpb_single_image wpb_content_element vc_align_center\">\n\t\t\n\t\t<figure class=\"wpb_wrapper vc_figure\">\n\t\t\t<div class=\"vc_single_image-wrapper vc_box_outline_circle  vc_box_border_grey\"><img class=\"vc_single_image-img\" src=\"https:\/\/firatlogistics.de\/wp-content\/uploads\/2023\/06\/DSC_0916-b-scaled-683x683.jpg\" width=\"683\" height=\"683\" alt=\"DSC_0916 b\" title=\"DSC_0916 b\" \/><\/div>\n\t\t<\/figure>\n\t<\/div>\n<div class=\"vc_empty_space  height_tiny\"   style=\"height: 32px\"><span class=\"vc_empty_space_inner\"><\/span><\/div>\n\t<div class=\"wpb_text_column wpb_content_element\" >\n\t\t<div class=\"wpb_wrapper\">\n\t\t\t<h4 style=\"text-align: center;\"><span style=\"vertical-align: inherit;\"><span style=\"vertical-align: inherit; color: #fff;\">Besondere Fahrt<\/span><\/span><\/h4>\n\n\t\t<\/div>\n\t<\/div>\n<div class=\"vc_empty_space  height_tiny\"   style=\"height: 32px\"><span class=\"vc_empty_space_inner\"><\/span><\/div>\n\t<div class=\"wpb_text_column wpb_content_element\" >\n\t\t<div class=\"wpb_wrapper\">\n\t\t\t<p style=\"text-align: center;\"><span style=\"vertical-align: inherit;\"><span style=\"vertical-align: inherit;\"><span style=\"vertical-align: inherit;\"><span style=\"vertical-align: inherit; color: #fff;\">Unser besonderer Service Expresstransport f\u00fcr die schnellste Lieferung an den Bestimmungsort. Wir bieten Just-in-Time und so schnell wie m\u00f6glich.<\/span><\/span><\/span><\/span><\/p>\n\n\t\t<\/div>\n\t<\/div>\n<\/div><\/div><\/div><\/div><div class=\"vc_row-full-width vc_clearfix\"><\/div><div data-vc-full-width=\"true\" data-vc-full-width-init=\"false\" data-vc-stretch-content=\"true\" class=\"vc_row wpb_row vc_row-fluid vc_custom_1478532881550 vc_row-has-fill vc_row-no-padding\"><div class=\"wpb_column vc_column_container vc_col-sm-12 sc_layouts_column_icons_position_left\"><div class=\"vc_column-inner\"><div class=\"wpb_wrapper\"><div  id=\"sc_promo_944182933\" \n\tclass=\"sc_promo sc_promo_default sc_promo_size_large sc_promo_image_position_left\"><div class=\"sc_promo_image\" style=\"background-image:url(https:\/\/firatlogistics.de\/wp-content\/uploads\/2023\/06\/12b-scaled.jpg);width:50%;left: 0;\"><\/div><div class=\"sc_promo_text\" style=\"width: 50%;float: right;\">\n\t\t\t<div class=\"sc_promo_text_inner\" style=\"\"><div class=\"sc_promo_content sc_item_content\"><div id=\"sc_content_946518565\"\n\t\tclass=\"sc_content sc_content_default  vc_custom_1480289643519 sc_content_width_1_2\"><div class=\"sc_content_container\"><div id=\"sc_skills_860356621\"\n\t\tclass=\"sc_skills sc_skills_pie sc_skills_compact_off\"\n\t\t\t\tdata-type=\"pie\"\n\t\t><h6 class=\"sc_item_subtitle sc_skills_subtitle sc_align_default sc_item_title_style_default\">Unsere Fracht<\/h6><h2 class=\"sc_item_title sc_skills_title sc_align_default sc_item_title_style_default\">Transportf\u00e4higkeiten<\/h2><div class=\"sc_item_descr sc_skills_descr sc_align_default\">Wir verwalten Lieferanten nicht nur, wir verwalten sie bis ins kleinste Detail. Wir haben eine Beratung.<br \/>\npersonalized approach to hiring new employees.<\/div><div class=\"sc_skills_columns sc_item_columns trx_addons_columns_wrap columns_padding_bottom\"><div class=\"sc_skills_column trx_addons_column-1_4\"><div class=\"sc_skills_item_wrap\"><div class=\"sc_skills_item\"><canvas id=\"sc_skills_canvas_389598692\"><\/canvas><div class=\"sc_skills_total\" data-start=\"0\" data-stop=\"100\" data-step=\"1\" data-steps=\"100\" data-max=\"100\" data-speed=\"11\" data-duration=\"1100\" data-color=\"#47ba7f\" data-bg_color=\"#fff\" data-border_color=\"\" data-cutout=\"96\" data-easing=\"easeOutCirc\" data-ed=\"%\">0%<\/div><\/div><div class=\"sc_skills_item_title\">P\u00fcnktlich<\/div><\/div><\/div><div class=\"sc_skills_column trx_addons_column-1_4\"><div class=\"sc_skills_item_wrap\"><div class=\"sc_skills_item\"><canvas id=\"sc_skills_canvas_1367901246\"><\/canvas><div class=\"sc_skills_total\" data-start=\"0\" data-stop=\"100\" data-step=\"1\" data-steps=\"100\" data-max=\"100\" data-speed=\"10\" data-duration=\"1000\" data-color=\"#47ba7f\" data-bg_color=\"#fff\" data-border_color=\"\" data-cutout=\"96\" data-easing=\"easeOutCirc\" data-ed=\"%\">0%<\/div><\/div><div class=\"sc_skills_item_title\">Zuverl\u00e4ssig<\/div><\/div><\/div><div class=\"sc_skills_column trx_addons_column-1_4\"><div class=\"sc_skills_item_wrap\"><div class=\"sc_skills_item\"><canvas id=\"sc_skills_canvas_1625641358\"><\/canvas><div class=\"sc_skills_total\" data-start=\"0\" data-stop=\"99\" data-step=\"1\" data-steps=\"100\" data-max=\"100\" data-speed=\"22\" data-duration=\"2178\" data-color=\"#47ba7f\" data-bg_color=\"#fff\" data-border_color=\"\" data-cutout=\"96\" data-easing=\"easeOutCirc\" data-ed=\"%\">0%<\/div><\/div><div class=\"sc_skills_item_title\">Exzellent <\/div><\/div><\/div><div class=\"sc_skills_column trx_addons_column-1_4\"><div class=\"sc_skills_item_wrap\"><div class=\"sc_skills_item\"><canvas id=\"sc_skills_canvas_1396440462\"><\/canvas><div class=\"sc_skills_total\" data-start=\"0\" data-stop=\"100\" data-step=\"1\" data-steps=\"100\" data-max=\"100\" data-speed=\"25\" data-duration=\"2500\" data-color=\"#47ba7f\" data-bg_color=\"#fff\" data-border_color=\"\" data-cutout=\"96\" data-easing=\"easeOutCirc\" data-ed=\"%\">0%<\/div><\/div><div class=\"sc_skills_item_title\">Qualit\u00e4t<\/div><\/div><\/div><\/div><\/div><div class=\"vc_empty_space\"   style=\"height: 1.4em\"><span class=\"vc_empty_space_inner\"><\/span><\/div><div class=\"sc_item_button sc_button_wrap\"><a href=\"\/de\/about-us-style-1\/\" id=\"sc_button_751252104\" class=\"sc_button sc_button_accent sc_button_size_normal sc_button_icon_right\"><span class=\"sc_button_icon\"><span class=\"icon-right\"><\/span><\/span><span class=\"sc_button_text\"><span class=\"sc_button_title\">Mehr \u00fcber uns<\/span><\/span><!-- \/.sc_button_text --><\/a><!-- \/.sc_button --><\/div><!-- \/.sc_item_button --><\/div><\/div><!-- \/.sc_content --><\/div><\/div>\n\t\t<\/div><!-- \/.sc_promo_text --><\/div><!-- \/.sc_promo --><\/div><\/div><\/div><\/div><div class=\"vc_row-full-width vc_clearfix\"><\/div><div data-vc-full-width=\"true\" data-vc-full-width-init=\"false\" data-vc-stretch-content=\"true\" class=\"vc_row wpb_row vc_row-fluid vc_row-no-padding vc_row-o-equal-height vc_row-flex\"><div class=\"wpb_column vc_column_container vc_col-sm-3 vc_col-has-fill sc_layouts_column_icons_position_left\"><div class=\"vc_column-inner vc_custom_1480281211046\"><div class=\"wpb_wrapper\"><div class=\"vc_empty_space\"   style=\"height: 7.45em\"><span class=\"vc_empty_space_inner\"><\/span><\/div><div id=\"sc_icons_1386748729\" \n\tclass=\"sc_icons sc_icons_default sc_icons_size_small sc_align_center  vc_custom_1480279416544\"><div class=\"sc_icons_item\"><div id=\"sc_icons_1386748729_icon-lock-1\" class=\"sc_icons_icon sc_icon_type_fontawesome icon-lock-1\"\n\t\t\t\t\t\t\t\t\t\t\t\t><span class=\"sc_icon_type_fontawesome icon-lock-1\"><\/span><\/div><\/div><\/div><!-- \/.sc_icons -->\n\t<div class=\"wpb_text_column wpb_content_element  vc_custom_1479685995166\" >\n\t\t<div class=\"wpb_wrapper\">\n\t\t\t<h4 style=\"text-align: center;\">Innovatives Handling<\/h4>\n\n\t\t<\/div>\n\t<\/div>\n\n\t<div class=\"wpb_text_column wpb_content_element\" >\n\t\t<div class=\"wpb_wrapper\">\n\t\t\t<p style=\"text-align: center;\">Wir sind ein umfassendes, vollst\u00e4ndig integriertes Programm zur Maximierung der Produktivit\u00e4t<\/p>\n\n\t\t<\/div>\n\t<\/div>\n<div class=\"vc_empty_space\"   style=\"height: 7.6em\"><span class=\"vc_empty_space_inner\"><\/span><\/div><\/div><\/div><\/div><div class=\"wpb_column vc_column_container vc_col-sm-3 vc_col-has-fill sc_layouts_column_icons_position_left\"><div class=\"vc_column-inner vc_custom_1480281219262\"><div class=\"wpb_wrapper\"><div class=\"vc_empty_space\"   style=\"height: 7.45em\"><span class=\"vc_empty_space_inner\"><\/span><\/div><div id=\"sc_icons_360756836\" \n\tclass=\"sc_icons sc_icons_default sc_icons_size_small sc_align_center  vc_custom_1479686195378\"><div class=\"sc_icons_item\"><div id=\"sc_icons_360756836_icon-2\" class=\"sc_icons_icon sc_icon_type_fontawesome icon-2\"\n\t\t\t\t\t\t\t\t\t\t\t\t><span class=\"sc_icon_type_fontawesome icon-2\"><\/span><\/div><\/div><\/div><!-- \/.sc_icons -->\n\t<div class=\"wpb_text_column wpb_content_element  vc_custom_1480279355953\" >\n\t\t<div class=\"wpb_wrapper\">\n\t\t\t<h4 style=\"text-align: center;\">Kundendienst<\/h4>\n\n\t\t<\/div>\n\t<\/div>\n\n\t<div class=\"wpb_text_column wpb_content_element\" >\n\t\t<div class=\"wpb_wrapper\">\n\t\t\t<p style=\"text-align: center;\">Unser Unternehmen kann Ihnen eine ma\u00dfgeschneiderte Frachtl\u00f6sung anbieten, die auf Ihre Bed\u00fcrfnisse zugeschnitten ist<\/p>\n\n\t\t<\/div>\n\t<\/div>\n<div class=\"vc_empty_space\"   style=\"height: 7.6em\"><span class=\"vc_empty_space_inner\"><\/span><\/div><\/div><\/div><\/div><div class=\"wpb_column vc_column_container vc_col-sm-3 vc_col-has-fill sc_layouts_column_icons_position_left scheme_dark\"><div class=\"vc_column-inner vc_custom_1480281230540\"><div class=\"wpb_wrapper\"><div class=\"vc_empty_space\"   style=\"height: 7.45em\"><span class=\"vc_empty_space_inner\"><\/span><\/div><div id=\"sc_icons_1662663841\" \n\tclass=\"sc_icons sc_icons_default sc_icons_size_small sc_align_center  vc_custom_1480279444602\"><div class=\"sc_icons_item\"><div id=\"sc_icons_1662663841_icon-hour\" class=\"sc_icons_icon sc_icon_type_fontawesome icon-hour\"\n\t\t\t\t\t\t\t\t\t\t\t\t><span class=\"sc_icon_type_fontawesome icon-hour\"><\/span><\/div><\/div><\/div><!-- \/.sc_icons -->\n\t<div class=\"wpb_text_column wpb_content_element  vc_custom_1480279365886\" >\n\t\t<div class=\"wpb_wrapper\">\n\t\t\t<h4 style=\"text-align: center;\">Zuverl\u00e4ssigkeit und P\u00fcnktlichkeit<\/h4>\n\n\t\t<\/div>\n\t<\/div>\n\n\t<div class=\"wpb_text_column wpb_content_element\" >\n\t\t<div class=\"wpb_wrapper\">\n\t\t\t<p style=\"text-align: center; color: #8f9ca6;\">Als Marktf\u00fchrer in der Spedition bieten wir ma\u00dfgeschneiderte Dienstleistungen an<\/p>\n\n\t\t<\/div>\n\t<\/div>\n<div class=\"vc_empty_space\"   style=\"height: 7.6em\"><span class=\"vc_empty_space_inner\"><\/span><\/div><\/div><\/div><\/div><div class=\"wpb_column vc_column_container vc_col-sm-3 vc_col-has-fill sc_layouts_column_icons_position_left scheme_dark\"><div class=\"vc_column-inner vc_custom_1480281239204\"><div class=\"wpb_wrapper\"><div class=\"vc_empty_space\"   style=\"height: 7.45em\"><span class=\"vc_empty_space_inner\"><\/span><\/div><div id=\"sc_icons_646619543\" \n\tclass=\"sc_icons sc_icons_default sc_icons_size_small sc_align_center  vc_custom_1480279474816\"><div class=\"sc_icons_item\"><div id=\"sc_icons_646619543_icon-cup-1\" class=\"sc_icons_icon sc_icon_type_fontawesome icon-cup-1\"\n\t\t\t\t\t\t style=\"color: #ffffff\"\t\t\t\t\t\t><span class=\"sc_icon_type_fontawesome icon-cup-1\" style=\"color: #ffffff\"><\/span><\/div><\/div><\/div><!-- \/.sc_icons -->\n\t<div class=\"wpb_text_column wpb_content_element  vc_custom_1480279376271\" >\n\t\t<div class=\"wpb_wrapper\">\n\t\t\t<h4 style=\"text-align: center;\">Frachtversicherung<\/h4>\n\n\t\t<\/div>\n\t<\/div>\n\n\t<div class=\"wpb_text_column wpb_content_element\" >\n\t\t<div class=\"wpb_wrapper\">\n\t\t\t<p style=\"text-align: center; color: #fff;\">Wir verf\u00fcgen \u00fcber eine Reihe von Supply-Chain-L\u00f6sungen, die die Effektivit\u00e4t optimieren k\u00f6nnen<\/p>\n\n\t\t<\/div>\n\t<\/div>\n<div class=\"vc_empty_space\"   style=\"height: 7.6em\"><span class=\"vc_empty_space_inner\"><\/span><\/div><\/div><\/div><\/div><\/div><div class=\"vc_row-full-width vc_clearfix\"><\/div><div class=\"vc_row wpb_row vc_row-fluid\"><div class=\"wpb_column vc_column_container vc_col-sm-12 sc_layouts_column_icons_position_left\"><div class=\"vc_column-inner\"><div class=\"wpb_wrapper\"><div class=\"vc_empty_space  hide_on_mobile hide_on_notebook\"   style=\"height: 4.8em\"><span class=\"vc_empty_space_inner\"><\/span><\/div><\/div><\/div><\/div><\/div><div data-vc-full-width=\"true\" data-vc-full-width-init=\"false\" data-vc-stretch-content=\"true\" class=\"vc_row wpb_row vc_row-fluid vc_row-o-equal-height vc_row-flex\"><div class=\"wpb_column vc_column_container vc_col-sm-6 vc_col-lg-7 vc_col-md-6 sc_layouts_column_icons_position_left\"><div class=\"vc_column-inner\"><div class=\"wpb_wrapper\"><div class=\"vc_row wpb_row vc_inner vc_row-fluid\"><div class=\"wpb_column vc_column_container vc_col-sm-12 sc_layouts_column_icons_position_left\"><div class=\"vc_column-inner\"><div class=\"wpb_wrapper\">\n\t<div  class=\"wpb_single_image wpb_content_element vc_align_left\">\n\t\t\n\t\t<figure class=\"wpb_wrapper vc_figure\">\n\t\t\t<div class=\"vc_single_image-wrapper   vc_box_border_grey\"><img width=\"1024\" height=\"683\" src=\"https:\/\/firatlogistics.de\/wp-content\/uploads\/2023\/06\/09C-T2-1024x683.png\" class=\"vc_single_image-img attachment-large\" alt=\"\" decoding=\"async\" title=\"09C T2\" loading=\"lazy\" srcset=\"https:\/\/firatlogistics.de\/wp-content\/uploads\/2023\/06\/09C-T2-1024x683.png 1024w, https:\/\/firatlogistics.de\/wp-content\/uploads\/2023\/06\/09C-T2-300x200.png 300w, https:\/\/firatlogistics.de\/wp-content\/uploads\/2023\/06\/09C-T2-768x512.png 768w, https:\/\/firatlogistics.de\/wp-content\/uploads\/2023\/06\/09C-T2-1536x1024.png 1536w, https:\/\/firatlogistics.de\/wp-content\/uploads\/2023\/06\/09C-T2-2048x1365.png 2048w, https:\/\/firatlogistics.de\/wp-content\/uploads\/2023\/06\/09C-T2-370x247.png 370w, https:\/\/firatlogistics.de\/wp-content\/uploads\/2023\/06\/09C-T2-770x513.png 770w\" sizes=\"(max-width: 1024px) 100vw, 1024px\" \/><\/div>\n\t\t<\/figure>\n\t<\/div>\n<\/div><\/div><\/div><\/div><\/div><\/div><\/div><div class=\"wpb_column vc_column_container vc_col-sm-6 vc_col-lg-5 vc_col-md-6 vc_col-has-fill sc_layouts_column_icons_position_left\"><div class=\"vc_column-inner vc_custom_1480334416208\"><div class=\"wpb_wrapper\"><div class=\"vc_empty_space\"   style=\"height: 11.9em\"><span class=\"vc_empty_space_inner\"><\/span><\/div><div id=\"sc_content_1780414400\"\n\t\tclass=\"sc_content sc_content_default\"><h6 class=\"sc_item_subtitle sc_content_subtitle sc_align_default sc_item_title_style_default\">ONLINE OFFLINE<\/h6><h2 class=\"sc_item_title sc_content_title sc_align_default sc_item_title_style_default\">Verfolgen Sie Ihre Fracht<\/h2><div class=\"sc_item_descr sc_content_descr sc_align_default\">In einer Welt, in der Entfernungen schrumpfen und Grenzen verschwinden, sind wir Ihr verl\u00e4sslicher\nPartner f\u00fcr europaweite Transportl\u00f6sungen. Innovation, Pr\u00e4zision, Verl\u00e4sslichkeit \u2013 erleben Sie die Zukunft des\nTransports. Kontaktieren Sie uns jetzt<br \/>\nSpedition oder eine komplette Supply-Chain-L\u00f6sung, Translogic kann<br \/>\nbieten Ihnen eine ma\u00dfgeschneiderte L\u00f6sung, die auf Ihre Bed\u00fcrfnisse zugeschnitten ist.<br \/>\nWir wissen das Vertrauen unserer Kunden zu sch\u00e4tzen!<\/div><div class=\"sc_content_container\"><div class=\"vc_empty_space\"   style=\"height: 3em\"><span class=\"vc_empty_space_inner\"><\/span><\/div><div class=\"sc_item_button sc_button_wrap sc_align_left\"><a href=\"\/de\/about-us-style-1\/\" id=\"sc_button_998726604\" class=\"sc_button sc_button_default sc_button_size_normal sc_button_icon_right\"><span class=\"sc_button_icon\"><span class=\"icon-right\"><\/span><\/span><span class=\"sc_button_text\"><span class=\"sc_button_title\">Fracht verfolgen<\/span><\/span><!-- \/.sc_button_text --><\/a><!-- \/.sc_button --><\/div><!-- \/.sc_item_button --><div class=\"sc_item_button sc_button_wrap sc_align_left\"><a href=\"\/de\/contacts\/\" id=\"sc_button_728083753\" class=\"sc_button sc_button_border sc_button_size_normal sc_button_icon_right\"><span class=\"sc_button_icon\"><span class=\"icon-right\"><\/span><\/span><span class=\"sc_button_text\"><span class=\"sc_button_title\">Kontaktiere uns<\/span><\/span><!-- \/.sc_button_text --><\/a><!-- \/.sc_button --><\/div><!-- \/.sc_item_button --><\/div><\/div><!-- \/.sc_content --><div class=\"vc_empty_space\"   style=\"height: 11.9em\"><span class=\"vc_empty_space_inner\"><\/span><\/div><\/div><\/div><\/div><\/div><div class=\"vc_row-full-width vc_clearfix\"><\/div><div class=\"vc_row wpb_row vc_row-fluid\"><div class=\"wpb_column vc_column_container vc_col-sm-12 sc_layouts_column_icons_position_left\"><div class=\"vc_column-inner\"><div class=\"wpb_wrapper\"><div class=\"vc_empty_space  hide_on_mobile hide_on_notebook\"   style=\"height: 2.9em\"><span class=\"vc_empty_space_inner\"><\/span><\/div><\/div><\/div><\/div><\/div><div data-vc-full-width=\"true\" data-vc-full-width-init=\"false\" data-vc-stretch-content=\"true\" class=\"vc_row wpb_row vc_row-fluid vc_row-no-padding\"><div class=\"wpb_column vc_column_container vc_col-sm-12 sc_layouts_column_icons_position_left\"><div class=\"vc_column-inner\"><div class=\"wpb_wrapper\"><div  id=\"sc_action_1724700502\" \n\tclass=\"scheme_dark sc_action sc_action_simple\" data-slides-min-width=\"250\"\t><div class=\"sc_action_content sc_item_content\"><div class=\"sc_action_item sc_action_item_simple with_image with_bg_color sc_action_item_mc\" style=\"background-color:#2d457e;\">\n\t\t\t\t\t\t\t<div class=\"sc_action_item_mask\"><\/div>\n\t\t\t\t<div class=\"sc_action_item_inner\">\n\t\t\t\t<h6 class=\"sc_action_item_subtitle\"><span>We always forward on transportations<\/span><\/h6><h3 class=\"sc_action_item_title\"><span>Quality and perfomance at the right price<\/span><\/h3><a href=\"\/de\/contacts\/\" class=\"sc_action_item_link sc_button_border sc_button_icon_right\">Kontaktiere uns<\/a><\/div><!-- \/.sc_action_item_inner --><\/div><\/div><\/div><!-- \/.sc_action --><\/div><\/div><\/div><\/div><div class=\"vc_row-full-width vc_clearfix\"><\/div>","protected":false},"excerpt":{"rendered":"We give our logistics support with different types of trucks. Our core service areas are Europe &amp; Turkey. Any type of heat controlled product we deliver carefully and quickly with Frigo Refrigerated Box. We will transport your goods to the destination at a friendly temperature. Volume Transport Big Shipments, Short Time. We can help you transport large quantities of goods&hellip;","protected":false},"author":1,"featured_media":0,"parent":0,"menu_order":0,"comment_status":"closed","ping_status":"closed","template":"","meta":{"footnotes":""},"_links":{"self":[{"href":"https:\/\/firatlogistics.de\/de\/wp-json\/wp\/v2\/pages\/21"}],"collection":[{"href":"https:\/\/firatlogistics.de\/de\/wp-json\/wp\/v2\/pages"}],"about":[{"href":"https:\/\/firatlogistics.de\/de\/wp-json\/wp\/v2\/types\/page"}],"author":[{"embeddable":true,"href":"https:\/\/firatlogistics.de\/de\/wp-json\/wp\/v2\/users\/1"}],"replies":[{"embeddable":true,"href":"https:\/\/firatlogistics.de\/de\/wp-json\/wp\/v2\/comments?post=21"}],"version-history":[{"count":44,"href":"https:\/\/firatlogistics.de\/de\/wp-json\/wp\/v2\/pages\/21\/revisions"}],"predecessor-version":[{"id":1365,"href":"https:\/\/firatlogistics.de\/de\/wp-json\/wp\/v2\/pages\/21\/revisions\/1365"}],"wp:attachment":[{"href":"https:\/\/firatlogistics.de\/de\/wp-json\/wp\/v2\/media?parent=21"}],"curies":[{"name":"wp","href":"https:\/\/api.w.org\/{rel}","templated":true}]}}