{"id":17,"date":"2016-11-03T15:19:05","date_gmt":"2016-11-03T15:19:05","guid":{"rendered":"http:\/\/firatlogistics.de\/?page_id=17"},"modified":"2023-11-22T09:04:35","modified_gmt":"2023-11-22T09:04:35","slug":"about-us-style-1","status":"publish","type":"page","link":"https:\/\/firatlogistics.de\/de\/about-us-style-1\/","title":{"rendered":"\u00dcber uns"},"content":{"rendered":"<div data-vc-full-width=\"true\" data-vc-full-width-init=\"false\" class=\"vc_row wpb_row vc_row-fluid vc_custom_1689675307161 vc_row-has-fill\"><div class=\"wpb_column vc_column_container vc_col-sm-12 sc_layouts_column_icons_position_left\"><div class=\"vc_column-inner\"><div class=\"wpb_wrapper\"><div class=\"vc_empty_space\"   style=\"height: 6.6em\"><span class=\"vc_empty_space_inner\"><\/span><\/div><div  id=\"sc_promo_309624010\" \n\tclass=\"sc_promo sc_promo_default sc_promo_size_small sc_promo_image_position_right\"><div class=\"sc_promo_image\" style=\"background-image:url(https:\/\/firatlogistics.de\/wp-content\/uploads\/2023\/07\/Group-Photo-01-scaled.jpg);width:50%;right: 0;\"><\/div><div class=\"sc_promo_text\" style=\"width: 50%;float: left;\">\n\t\t\t<div class=\"sc_promo_text_inner\" style=\"\"><h6 class=\"sc_item_subtitle sc_promo_subtitle sc_align_default sc_item_title_style_default\">FIRAT LOGISTICS<\/h6><h2 class=\"sc_item_title sc_promo_title sc_align_default sc_item_title_style_default\">Ihr Experte f\u00fcr vielf\u00e4ltige Logistikl\u00f6sungen<\/h2><div class=\"sc_item_descr sc_promo_descr sc_align_default\"><strong>Ob Sie Distribution, Fulfillment, Speditionsdienstleistungen oder umfassende Supply-Chain-L\u00f6sungen ben\u00f6tigen, Firat Logistics steht Ihnen zur Seite <\/strong><\/p>\n<p>Wir bieten Ihnen maximale Effizienz und Sicherheit durch den Einsatz fortschrittlicher Technologien und umweltfreundlicher Prozesse. Unser moderner Fuhrpark, eine effiziente Routenplanung und ein engagierter Kundenservice garantieren einen sicheren, p\u00fcnktlichen und kostensparenden Transport Ihrer G\u00fcter.<\/div><div class=\"sc_item_button sc_item_button_accent sc_promo_button sc_align_default sc_button_wrap\"><a href=\"\/de\/contacts\/\" id=\"sc_button_8208359\" class=\"sc_button sc_button_accent sc_button_size_normal sc_button_icon_left\"><span class=\"sc_button_text\"><span class=\"sc_button_title\">Angebot anfordern<\/span><\/span><!-- \/.sc_button_text --><\/a><!-- \/.sc_button --><\/div><!-- \/.sc_item_button sc_item_button_accent sc_promo_button sc_align_default --><\/div>\n\t\t<\/div><!-- \/.sc_promo_text --><\/div><!-- \/.sc_promo --><div class=\"vc_empty_space\"   style=\"height: 9.4em\"><span class=\"vc_empty_space_inner\"><\/span><\/div><\/div><\/div><\/div><\/div><div class=\"vc_row-full-width vc_clearfix\"><\/div><div data-vc-full-width=\"true\" data-vc-full-width-init=\"false\" class=\"vc_row wpb_row vc_row-fluid vc_custom_1689267663163 vc_row-has-fill\"><div class=\"wpb_column vc_column_container vc_col-sm-12 sc_layouts_column_icons_position_left\"><div class=\"vc_column-inner\"><div class=\"wpb_wrapper\"><div class=\"vc_empty_space\"   style=\"height: 11.4em\"><span class=\"vc_empty_space_inner\"><\/span><\/div><div id=\"sc_title_894972319\"\n\t\tclass=\"scheme_dark sc_title sc_title_default\"><h2 class=\"sc_item_title sc_title_title sc_align_center sc_item_title_style_default\">Transportation your cargo<br \/>\n<mark>as soon as possible<\/mark><\/h2><\/div><!-- \/.sc_title --><div class=\"vc_empty_space\"   style=\"height: 3em\"><span class=\"vc_empty_space_inner\"><\/span><\/div><div id=\"sc_skills_1167273689\"\n\t\tclass=\"sc_skills sc_skills_counter\"\n\t\t\t\tdata-type=\"counter\"\n\t\t><div class=\"sc_skills_columns sc_item_columns trx_addons_columns_wrap columns_padding_bottom\"><div class=\"sc_skills_column trx_addons_column-1_4\"><div class=\"sc_skills_item_wrap\"><div class=\"sc_skills_item\"><div class=\"sc_skills_icon fas fa-dolly-flatbed\"><\/div><div class=\"sc_skills_total\" data-start=\"0\" data-stop=\"4970\" data-step=\"4\" data-max=\"400\" data-speed=\"40\" data-duration=\"49700\" data-ed=\"\">0<\/div><\/div><div class=\"sc_skills_item_title\">Transport im Jahr 2022<\/div><\/div><\/div><div class=\"sc_skills_column trx_addons_column-1_4\"><div class=\"sc_skills_item_wrap\"><div class=\"sc_skills_item\"><div class=\"sc_skills_icon fas fa-shipping-fast\"><\/div><div class=\"sc_skills_total\" data-start=\"0\" data-stop=\"3862\" data-step=\"4\" data-max=\"400\" data-speed=\"22\" data-duration=\"21241\" data-ed=\"\">0<\/div><\/div><div class=\"sc_skills_item_title\">Expressfahrten mit Zeitfenster<\/div><\/div><\/div><div class=\"sc_skills_column trx_addons_column-1_4\"><div class=\"sc_skills_item_wrap\"><div class=\"sc_skills_item\"><div class=\"sc_skills_icon fas fa-truck\"><\/div><div class=\"sc_skills_total\" data-start=\"0\" data-stop=\"50\" data-step=\"4\" data-max=\"400\" data-speed=\"34\" data-duration=\"425\" data-ed=\"\">0<\/div><\/div><div class=\"sc_skills_item_title\"> Fahrzeugkapazit\u00e4t<\/div><\/div><\/div><div class=\"sc_skills_column trx_addons_column-1_4\"><div class=\"sc_skills_item_wrap\"><div class=\"sc_skills_item\"><div class=\"sc_skills_icon icon-child\"><\/div><div class=\"sc_skills_total\" data-start=\"0\" data-stop=\"1500\" data-step=\"4\" data-max=\"400\" data-speed=\"30\" data-duration=\"11250\" data-ed=\"\">0<\/div><\/div><div class=\"sc_skills_item_title\">Zufriedene Kunden<\/div><\/div><\/div><\/div><\/div><div class=\"vc_empty_space\"   style=\"height: 10em\"><span class=\"vc_empty_space_inner\"><\/span><\/div><\/div><\/div><\/div><\/div><div class=\"vc_row-full-width vc_clearfix\"><\/div><div class=\"vc_row wpb_row vc_row-fluid vc_custom_1689268841355\"><div class=\"wpb_column vc_column_container vc_col-sm-12 sc_layouts_column_icons_position_left\"><div class=\"vc_column-inner\"><div class=\"wpb_wrapper\"><div class=\"vc_row wpb_row vc_inner vc_row-fluid\"><div class=\"wpb_column vc_column_container vc_col-sm-12 sc_layouts_column_icons_position_left\"><div class=\"vc_column-inner\"><div class=\"wpb_wrapper\">\n\t<div class=\"wpb_text_column wpb_content_element  vc_custom_1689268795041\" >\n\t\t<div class=\"wpb_wrapper\">\n\t\t\t<p style=\"text-align: center; color: #47ba7f; font-size: 12px;\">WER WIR SIND<\/p>\n\n\t\t<\/div>\n\t<\/div>\n\n\t<div class=\"wpb_text_column wpb_content_element  vc_custom_1689268809241\" >\n\t\t<div class=\"wpb_wrapper\">\n\t\t\t<p style=\"text-align: center; font-size: 2.6rem; font-family: inherit;\"><strong>Unser Team<\/strong><\/p>\n\n\t\t<\/div>\n\t<\/div>\n\n\t<div class=\"wpb_text_column wpb_content_element  vc_custom_1689268819141\" >\n\t\t<div class=\"wpb_wrapper\">\n\t\t\t<p style=\"text-align: center;\">Unsere lange Geschichte beisprellosen Engagements f\u00fcr die Zusammenarbeit mit den umfangreichsten Spediteuren und unsere F\u00e4higkeit, die vielseitigsten Dienstleistungen anzubieten<br \/>\nability to offer the most versatile services<\/p>\n\n\t\t<\/div>\n\t<\/div>\n<\/div><\/div><\/div><\/div><div class=\"vc_row wpb_row vc_inner vc_row-fluid\"><div class=\"wpb_column vc_column_container vc_col-sm-3 sc_layouts_column_icons_position_left\"><div class=\"vc_column-inner\"><div class=\"wpb_wrapper\">\n\t<div  class=\"wpb_single_image wpb_content_element vc_align_center\">\n\t\t\n\t\t<figure class=\"wpb_wrapper vc_figure\">\n\t\t\t<div class=\"vc_single_image-wrapper   vc_box_border_grey\"><img width=\"740\" height=\"630\" src=\"https:\/\/firatlogistics.de\/wp-content\/uploads\/2016\/11\/01-Yusuf-Firat-CEO.jpg\" class=\"vc_single_image-img attachment-large\" alt=\"\" decoding=\"async\" title=\"01 Yusuf Firat, CEO\" loading=\"lazy\" srcset=\"https:\/\/firatlogistics.de\/wp-content\/uploads\/2016\/11\/01-Yusuf-Firat-CEO.jpg 740w, https:\/\/firatlogistics.de\/wp-content\/uploads\/2016\/11\/01-Yusuf-Firat-CEO-300x255.jpg 300w, https:\/\/firatlogistics.de\/wp-content\/uploads\/2016\/11\/01-Yusuf-Firat-CEO-370x315.jpg 370w\" sizes=\"(max-width: 740px) 100vw, 740px\" \/><\/div>\n\t\t<\/figure>\n\t<\/div>\n\n\t<div class=\"wpb_text_column wpb_content_element\" >\n\t\t<div class=\"wpb_wrapper\">\n\t\t\t<p style=\"text-align: center;\"><strong>Yusuf Firat<\/strong><\/p>\n\n\t\t<\/div>\n\t<\/div>\n\n\t<div class=\"wpb_text_column wpb_content_element\" >\n\t\t<div class=\"wpb_wrapper\">\n\t\t\t<p style=\"text-align: center;\">CEO<\/p>\n\n\t\t<\/div>\n\t<\/div>\n<\/div><\/div><\/div><div class=\"wpb_column vc_column_container vc_col-sm-3 sc_layouts_column_icons_position_left\"><div class=\"vc_column-inner\"><div class=\"wpb_wrapper\">\n\t<div  class=\"wpb_single_image wpb_content_element vc_align_center\">\n\t\t\n\t\t<figure class=\"wpb_wrapper vc_figure\">\n\t\t\t<div class=\"vc_single_image-wrapper   vc_box_border_grey\"><img width=\"740\" height=\"630\" src=\"https:\/\/firatlogistics.de\/wp-content\/uploads\/2016\/11\/02-Habib-Firat-Key-Account-Manager.jpg\" class=\"vc_single_image-img attachment-large\" alt=\"\" decoding=\"async\" title=\"02 Habib Firat, Key Account Manager\" loading=\"lazy\" srcset=\"https:\/\/firatlogistics.de\/wp-content\/uploads\/2016\/11\/02-Habib-Firat-Key-Account-Manager.jpg 740w, https:\/\/firatlogistics.de\/wp-content\/uploads\/2016\/11\/02-Habib-Firat-Key-Account-Manager-300x255.jpg 300w, https:\/\/firatlogistics.de\/wp-content\/uploads\/2016\/11\/02-Habib-Firat-Key-Account-Manager-370x315.jpg 370w\" sizes=\"(max-width: 740px) 100vw, 740px\" \/><\/div>\n\t\t<\/figure>\n\t<\/div>\n\n\t<div class=\"wpb_text_column wpb_content_element\" >\n\t\t<div class=\"wpb_wrapper\">\n\t\t\t<p style=\"text-align: center;\"><strong>Habib Firat<\/strong><\/p>\n\n\t\t<\/div>\n\t<\/div>\n\n\t<div class=\"wpb_text_column wpb_content_element\" >\n\t\t<div class=\"wpb_wrapper\">\n\t\t\t<p style=\"text-align: center;\">Key Account Manager<\/p>\n\n\t\t<\/div>\n\t<\/div>\n<\/div><\/div><\/div><div class=\"wpb_column vc_column_container vc_col-sm-3 sc_layouts_column_icons_position_left\"><div class=\"vc_column-inner\"><div class=\"wpb_wrapper\">\n\t<div  class=\"wpb_single_image wpb_content_element vc_align_center\">\n\t\t\n\t\t<figure class=\"wpb_wrapper vc_figure\">\n\t\t\t<div class=\"vc_single_image-wrapper   vc_box_border_grey\"><img width=\"740\" height=\"630\" src=\"https:\/\/firatlogistics.de\/wp-content\/uploads\/2016\/11\/03-Hasan-Firat-Dispatcher.jpg\" class=\"vc_single_image-img attachment-large\" alt=\"\" decoding=\"async\" title=\"03 Hasan Firat, Dispatcher\" loading=\"lazy\" srcset=\"https:\/\/firatlogistics.de\/wp-content\/uploads\/2016\/11\/03-Hasan-Firat-Dispatcher.jpg 740w, https:\/\/firatlogistics.de\/wp-content\/uploads\/2016\/11\/03-Hasan-Firat-Dispatcher-300x255.jpg 300w, https:\/\/firatlogistics.de\/wp-content\/uploads\/2016\/11\/03-Hasan-Firat-Dispatcher-370x315.jpg 370w\" sizes=\"(max-width: 740px) 100vw, 740px\" \/><\/div>\n\t\t<\/figure>\n\t<\/div>\n\n\t<div class=\"wpb_text_column wpb_content_element\" >\n\t\t<div class=\"wpb_wrapper\">\n\t\t\t<p style=\"text-align: center;\"><strong>Hasan Firat<\/strong><\/p>\n\n\t\t<\/div>\n\t<\/div>\n\n\t<div class=\"wpb_text_column wpb_content_element\" >\n\t\t<div class=\"wpb_wrapper\">\n\t\t\t<p style=\"text-align: center;\">Dispatcher<\/p>\n\n\t\t<\/div>\n\t<\/div>\n<\/div><\/div><\/div><div class=\"wpb_column vc_column_container vc_col-sm-3 sc_layouts_column_icons_position_left\"><div class=\"vc_column-inner\"><div class=\"wpb_wrapper\">\n\t<div  class=\"wpb_single_image wpb_content_element vc_align_center\">\n\t\t\n\t\t<figure class=\"wpb_wrapper vc_figure\">\n\t\t\t<div class=\"vc_single_image-wrapper   vc_box_border_grey\"><img width=\"740\" height=\"630\" src=\"https:\/\/firatlogistics.de\/wp-content\/uploads\/2023\/06\/04-Sascha-Borinski-Project-Manager-Customs-Information.jpg\" class=\"vc_single_image-img attachment-large\" alt=\"\" decoding=\"async\" title=\"04 Sascha Borinski, Project Manager, Customs Information\" loading=\"lazy\" srcset=\"https:\/\/firatlogistics.de\/wp-content\/uploads\/2023\/06\/04-Sascha-Borinski-Project-Manager-Customs-Information.jpg 740w, https:\/\/firatlogistics.de\/wp-content\/uploads\/2023\/06\/04-Sascha-Borinski-Project-Manager-Customs-Information-300x255.jpg 300w, https:\/\/firatlogistics.de\/wp-content\/uploads\/2023\/06\/04-Sascha-Borinski-Project-Manager-Customs-Information-370x315.jpg 370w\" sizes=\"(max-width: 740px) 100vw, 740px\" \/><\/div>\n\t\t<\/figure>\n\t<\/div>\n\n\t<div class=\"wpb_text_column wpb_content_element\" >\n\t\t<div class=\"wpb_wrapper\">\n\t\t\t<p style=\"text-align: center;\"><strong>Sascha Borinski<\/strong><\/p>\n\n\t\t<\/div>\n\t<\/div>\n\n\t<div class=\"wpb_text_column wpb_content_element\" >\n\t\t<div class=\"wpb_wrapper\">\n\t\t\t<p style=\"text-align: center;\">Projekt Manager<\/p>\n<div id=\"gtx-trans\" style=\"position: absolute; left: 137px; top: 28px;\">\n<div class=\"gtx-trans-icon\"><\/div>\n<\/div>\n\n\t\t<\/div>\n\t<\/div>\n<\/div><\/div><\/div><\/div><\/div><\/div><\/div><\/div>","protected":false},"excerpt":{"rendered":"FIRAT LOGISTICSYour expert for diverse logistics solutionsWhether you require distribution, fulfillment, freight forwarding services or comprehensive supply chain solutions, Firat Logistics is at your side We offer you maximum efficiency and safety through the use of advanced technologies and environmentally friendly processes. Our modern fleet of vehicles, efficient route planning and dedicated customer service guarantee safe, on-time and cost-saving transportation&hellip;","protected":false},"author":1,"featured_media":0,"parent":0,"menu_order":0,"comment_status":"closed","ping_status":"closed","template":"","meta":{"footnotes":""},"_links":{"self":[{"href":"https:\/\/firatlogistics.de\/de\/wp-json\/wp\/v2\/pages\/17"}],"collection":[{"href":"https:\/\/firatlogistics.de\/de\/wp-json\/wp\/v2\/pages"}],"about":[{"href":"https:\/\/firatlogistics.de\/de\/wp-json\/wp\/v2\/types\/page"}],"author":[{"embeddable":true,"href":"https:\/\/firatlogistics.de\/de\/wp-json\/wp\/v2\/users\/1"}],"replies":[{"embeddable":true,"href":"https:\/\/firatlogistics.de\/de\/wp-json\/wp\/v2\/comments?post=17"}],"version-history":[{"count":19,"href":"https:\/\/firatlogistics.de\/de\/wp-json\/wp\/v2\/pages\/17\/revisions"}],"predecessor-version":[{"id":1665,"href":"https:\/\/firatlogistics.de\/de\/wp-json\/wp\/v2\/pages\/17\/revisions\/1665"}],"wp:attachment":[{"href":"https:\/\/firatlogistics.de\/de\/wp-json\/wp\/v2\/media?parent=17"}],"curies":[{"name":"wp","href":"https:\/\/api.w.org\/{rel}","templated":true}]}}